{"id":7943,"date":"2015-04-28T09:32:47","date_gmt":"2015-04-28T08:32:47","guid":{"rendered":"https:\/\/www.sopropeche.com\/nutricion-acuicola\/ingredients-dorigine-vegetale\/"},"modified":"2021-12-03T10:23:22","modified_gmt":"2021-12-03T09:23:22","slug":"ingredientes-deoriginen-vegetale","status":"publish","type":"page","link":"https:\/\/www.sopropeche.com\/es\/nutricion-acuicola\/ingredientes-deoriginen-vegetale\/","title":{"rendered":"Nutrici\u00f3n acu\u00edcola &#8211; Ingredientes de origen vegetal"},"content":{"rendered":"<div class=\"wpb-content-wrapper\"><p>[vc_row fullwidth=\u00bbtrue\u00bb padding=\u00bb0&#8243;][vc_column][mk_padding_divider size=\u00bb30&#8243;][mk_page_title_box page_title=\u00bbNutrici\u00f3n acu\u00edcola\u00bb page_subtitle=\u00bbINGREDIENTES DE ORIGEN VEGETAL\u00bb section_height=\u00bb350&#8243; bg_image=\u00bbhttps:\/\/www.sopropeche.com\/wp-content\/uploads\/2015\/03\/OK-SOPRO-004-2.jpg\u00bb bg_position=\u00bbcenter center\u00bb bg_stretch=\u00bbtrue\u00bb overlay=\u00bbrgba(0,79,145,0.8)\u00bb bg_effects=\u00bbparallax\u00bb font_size=\u00bb42&#8243; font_color=\u00bb#ffffff\u00bb font_weight=\u00bbbold\u00bb sub_font_size=\u00bb16&#8243; sub_font_color=\u00bb#ffffff\u00bb][mk_padding_divider size=\u00bb50&#8243;][\/vc_column][\/vc_row][vc_row][vc_column width=\u00bb1\/3&#8243;][mk_circle_image src=\u00bbhttps:\/\/www.sopropeche.com\/wp-content\/uploads\/2015\/04\/iStock_000013870739XLarge-e1429169124472.jpg\u00bb animation=\u00bbfade-in\u00bb][\/vc_column][vc_column width=\u00bb2\/3&#8243;][vc_column_text disable_pattern=\u00bbfalse\u00bb align=\u00bbcenter\u00bb animation=\u00bbfade-in\u00bb]<\/p>\n<h2 style=\"text-align: left;\">Prote\u00ednas vegetales, levaduras y aditivos<\/h2>\n<p>[\/vc_column_text][mk_divider style=\u00bbthin_solid\u00bb divider_width=\u00bbone_fourth\u00bb align=\u00bbleft\u00bb thickness=\u00bb2&#8243; margin_top=\u00bb0&#8243;][vc_column_text disable_pattern=\u00bbfalse\u00bb]Nuestra oferta de ingredientes de origen vegetal satisface necesidades diversificadas (aporte proteico, amino\u00e1cidos libres, \u00e1cidos grasos, agente aglutinante, aporte gluc\u00eddico\u2026):<\/p>\n<ul>\n<li><strong>Prote\u00ednas vegetales:<\/strong> guisante, soya, patata&#8230;<\/li>\n<li><strong>Levaduras:<\/strong> panader\u00eda, cerveza, melaza&#8230;(entera, autolisada, paredes, beta-glucanos&#8230;)<\/li>\n<li><strong>Grasas vegetales:<\/strong> materas grasas \u00abby-pass\u00bb, \u00e1cidos grasos&#8230;<\/li>\n<li><strong>Gl\u00facidos:<\/strong> patata, guisante, almidones de varios or\u00edgenes&#8230;<\/li>\n<li><strong>Aditivos tecnol\u00f3gicos:<\/strong> hidrocoloides, espesantes\/texturantes, agente aglutinante&#8230;<\/li>\n<li><strong>Aditivos nutritivos:<\/strong> amino\u00e1cidos esenciales&#8230;<\/li>\n<li><strong>Cereales:<\/strong> harina de trigo, gluten de trigo, semillas de lino extruidas&#8230;<\/li>\n<\/ul>\n<p>[\/vc_column_text][mk_padding_divider size=\u00bb100&#8243;][\/vc_column][\/vc_row]<\/p>\n<\/div>","protected":false},"excerpt":{"rendered":"<p>[vc_row fullwidth=\u00bbtrue\u00bb padding=\u00bb0&#8243;][vc_column][mk_padding_divider size=\u00bb30&#8243;][mk_page_title_box page_title=\u00bbNutrici\u00f3n acu\u00edcola\u00bb page_subtitle=\u00bbINGREDIENTES DE ORIGEN VEGETAL\u00bb section_height=\u00bb350&#8243; bg_image=\u00bbhttps:\/\/www.sopropeche.com\/wp-content\/uploads\/2015\/03\/OK-SOPRO-004-2.jpg\u00bb bg_position=\u00bbcenter center\u00bb bg_stretch=\u00bbtrue\u00bb overlay=\u00bbrgba(0,79,145,0.8)\u00bb bg_effects=\u00bbparallax\u00bb font_size=\u00bb42&#8243; font_color=\u00bb#ffffff\u00bb font_weight=\u00bbbold\u00bb sub_font_size=\u00bb16&#8243; sub_font_color=\u00bb#ffffff\u00bb][mk_padding_divider size=\u00bb50&#8243;][\/vc_column][\/vc_row][vc_row][vc_column width=\u00bb1\/3&#8243;][mk_circle_image src=\u00bbhttps:\/\/www.sopropeche.com\/wp-content\/uploads\/2015\/04\/iStock_000013870739XLarge-e1429169124472.jpg\u00bb animation=\u00bbfade-in\u00bb][\/vc_column][vc_column width=\u00bb2\/3&#8243;][vc_column_text disable_pattern=\u00bbfalse\u00bb align=\u00bbcenter\u00bb animation=\u00bbfade-in\u00bb] Prote\u00ednas vegetales, levaduras y aditivos [\/vc_column_text][mk_divider style=\u00bbthin_solid\u00bb divider_width=\u00bbone_fourth\u00bb align=\u00bbleft\u00bb thickness=\u00bb2&#8243; margin_top=\u00bb0&#8243;][vc_column_text disable_pattern=\u00bbfalse\u00bb]Nuestra oferta de ingredientes de origen vegetal satisface necesidades diversificadas (aporte proteico, amino\u00e1cidos libres, [&hellip;]<\/p>\n","protected":false},"author":3,"featured_media":0,"parent":7900,"menu_order":0,"comment_status":"open","ping_status":"open","template":"","meta":{"_acf_changed":false,"footnotes":""},"class_list":["post-7943","page","type-page","status-publish","hentry"],"acf":[],"_links":{"self":[{"href":"https:\/\/www.sopropeche.com\/es\/wp-json\/wp\/v2\/pages\/7943","targetHints":{"allow":["GET"]}}],"collection":[{"href":"https:\/\/www.sopropeche.com\/es\/wp-json\/wp\/v2\/pages"}],"about":[{"href":"https:\/\/www.sopropeche.com\/es\/wp-json\/wp\/v2\/types\/page"}],"author":[{"embeddable":true,"href":"https:\/\/www.sopropeche.com\/es\/wp-json\/wp\/v2\/users\/3"}],"replies":[{"embeddable":true,"href":"https:\/\/www.sopropeche.com\/es\/wp-json\/wp\/v2\/comments?post=7943"}],"version-history":[{"count":11,"href":"https:\/\/www.sopropeche.com\/es\/wp-json\/wp\/v2\/pages\/7943\/revisions"}],"predecessor-version":[{"id":8803,"href":"https:\/\/www.sopropeche.com\/es\/wp-json\/wp\/v2\/pages\/7943\/revisions\/8803"}],"up":[{"embeddable":true,"href":"https:\/\/www.sopropeche.com\/es\/wp-json\/wp\/v2\/pages\/7900"}],"wp:attachment":[{"href":"https:\/\/www.sopropeche.com\/es\/wp-json\/wp\/v2\/media?parent=7943"}],"curies":[{"name":"wp","href":"https:\/\/api.w.org\/{rel}","templated":true}]}}