{"id":7915,"date":"2015-04-22T15:04:37","date_gmt":"2015-04-22T14:04:37","guid":{"rendered":"https:\/\/www.sopropeche.com\/nutrition-animale-ingredients-dorigine-marine\/"},"modified":"2021-12-03T10:19:55","modified_gmt":"2021-12-03T09:19:55","slug":"nutricion-animal-ingredientes-de-origen-marino","status":"publish","type":"page","link":"https:\/\/www.sopropeche.com\/es\/nutricion-animal-ingredientes-de-origen-marino\/","title":{"rendered":"Nutrici\u00f3n animal &#8211; Ingredientes de origen marino"},"content":{"rendered":"<div class=\"wpb-content-wrapper\"><p>[vc_row fullwidth=\u00bbtrue\u00bb padding=\u00bb0&#8243;][vc_column][mk_padding_divider size=\u00bb30&#8243;][mk_page_title_box page_title=\u00bbNutrici\u00f3n animal\u00bb page_subtitle=\u00bbINGREDIENTES DE ORIGEN MARINO\u00bb section_height=\u00bb350&#8243; bg_image=\u00bbhttps:\/\/www.sopropeche.com\/wp-content\/uploads\/2015\/04\/iStock_000020880240Large-e1429114478474.jpg\u00bb bg_position=\u00bbcenter center\u00bb bg_stretch=\u00bbtrue\u00bb overlay=\u00bbrgba(0,79,145,0.8)\u00bb bg_effects=\u00bbparallax\u00bb font_size=\u00bb42&#8243; font_color=\u00bb#ffffff\u00bb font_weight=\u00bbbold\u00bb sub_font_size=\u00bb16&#8243; sub_font_color=\u00bb#ffffff\u00bb][mk_padding_divider size=\u00bb50&#8243;][\/vc_column][\/vc_row][vc_row][vc_column width=\u00bb1\/3&#8243;][mk_circle_image src=\u00bbhttps:\/\/www.sopropeche.com\/wp-content\/uploads\/2015\/04\/iStock_000025137989XXLarge-e1429257459426.jpg\u00bb animation=\u00bbfade-in\u00bb][\/vc_column][vc_column width=\u00bb2\/3&#8243;][vc_column_text disable_pattern=\u00bbfalse\u00bb align=\u00bbcenter\u00bb animation=\u00bbfade-in\u00bb]<\/p>\n<h2 style=\"text-align: left;\">Prote\u00ednas hidrolizadas de pescado, harinas y aceites marinos<\/h2>\n<p>[\/vc_column_text][mk_divider style=\u00bbthin_solid\u00bb divider_width=\u00bbone_fourth\u00bb align=\u00bbleft\u00bb thickness=\u00bb2&#8243; margin_top=\u00bb0&#8243;][vc_column_text disable_pattern=\u00bbfalse\u00bb]Ofrecemos una gama de harinas marinas y prote\u00ednas hidrolizadas de pescado de alto valor a\u00f1adido, reconocidos por la calidad de su perfil de amino\u00e1cidos, su alta digestibilidad y su apetencia:<\/p>\n<ul>\n<li><strong>Prote\u00ednas hidrolizadas de pescado:<\/strong> CPSP\u00ae 90 \/ CPSP\u00ae G<\/li>\n<li><strong>Harinas de pescado:<\/strong> salm\u00f3n, at\u00fan, trucha, arenque&#8230;<\/li>\n<li><strong>Harinas de hueso de pescado:<\/strong> Phoscal\u00ae<\/li>\n<li><strong>Harinas de crust\u00e1ceo:<\/strong> camar\u00f3n, krill&#8230;<\/li>\n<li><strong>Harinas y aceites de cefal\u00f3podo:<\/strong> calamar<\/li>\n<li><strong>Aceites de pescado:<\/strong> anchoa, sardina, at\u00fan, salm\u00f3n, h\u00edgado de bacalao, aceites con garant\u00edas en Omega 3&#8230;<\/li>\n<li><strong>Algas marinas y algas de agua dulce:<\/strong> espirulina, chlorella, ascophyllum nodosum, laminaria digitata&#8230;<\/li>\n<\/ul>\n<p>[\/vc_column_text][mk_padding_divider size=\u00bb100&#8243;][\/vc_column][\/vc_row]<\/p>\n<\/div>","protected":false},"excerpt":{"rendered":"<p>[vc_row fullwidth=\u00bbtrue\u00bb padding=\u00bb0&#8243;][vc_column][mk_padding_divider size=\u00bb30&#8243;][mk_page_title_box page_title=\u00bbNutrici\u00f3n animal\u00bb page_subtitle=\u00bbINGREDIENTES DE ORIGEN MARINO\u00bb section_height=\u00bb350&#8243; bg_image=\u00bbhttps:\/\/www.sopropeche.com\/wp-content\/uploads\/2015\/04\/iStock_000020880240Large-e1429114478474.jpg\u00bb bg_position=\u00bbcenter center\u00bb bg_stretch=\u00bbtrue\u00bb overlay=\u00bbrgba(0,79,145,0.8)\u00bb bg_effects=\u00bbparallax\u00bb font_size=\u00bb42&#8243; font_color=\u00bb#ffffff\u00bb font_weight=\u00bbbold\u00bb sub_font_size=\u00bb16&#8243; sub_font_color=\u00bb#ffffff\u00bb][mk_padding_divider size=\u00bb50&#8243;][\/vc_column][\/vc_row][vc_row][vc_column width=\u00bb1\/3&#8243;][mk_circle_image src=\u00bbhttps:\/\/www.sopropeche.com\/wp-content\/uploads\/2015\/04\/iStock_000025137989XXLarge-e1429257459426.jpg\u00bb animation=\u00bbfade-in\u00bb][\/vc_column][vc_column width=\u00bb2\/3&#8243;][vc_column_text disable_pattern=\u00bbfalse\u00bb align=\u00bbcenter\u00bb animation=\u00bbfade-in\u00bb] Prote\u00ednas hidrolizadas de pescado, harinas y aceites marinos [\/vc_column_text][mk_divider style=\u00bbthin_solid\u00bb divider_width=\u00bbone_fourth\u00bb align=\u00bbleft\u00bb thickness=\u00bb2&#8243; margin_top=\u00bb0&#8243;][vc_column_text disable_pattern=\u00bbfalse\u00bb]Ofrecemos una gama de harinas marinas y prote\u00ednas hidrolizadas de pescado [&hellip;]<\/p>\n","protected":false},"author":3,"featured_media":0,"parent":0,"menu_order":0,"comment_status":"open","ping_status":"open","template":"","meta":{"_acf_changed":false,"footnotes":""},"class_list":["post-7915","page","type-page","status-publish","hentry"],"acf":[],"_links":{"self":[{"href":"https:\/\/www.sopropeche.com\/es\/wp-json\/wp\/v2\/pages\/7915","targetHints":{"allow":["GET"]}}],"collection":[{"href":"https:\/\/www.sopropeche.com\/es\/wp-json\/wp\/v2\/pages"}],"about":[{"href":"https:\/\/www.sopropeche.com\/es\/wp-json\/wp\/v2\/types\/page"}],"author":[{"embeddable":true,"href":"https:\/\/www.sopropeche.com\/es\/wp-json\/wp\/v2\/users\/3"}],"replies":[{"embeddable":true,"href":"https:\/\/www.sopropeche.com\/es\/wp-json\/wp\/v2\/comments?post=7915"}],"version-history":[{"count":11,"href":"https:\/\/www.sopropeche.com\/es\/wp-json\/wp\/v2\/pages\/7915\/revisions"}],"predecessor-version":[{"id":8795,"href":"https:\/\/www.sopropeche.com\/es\/wp-json\/wp\/v2\/pages\/7915\/revisions\/8795"}],"wp:attachment":[{"href":"https:\/\/www.sopropeche.com\/es\/wp-json\/wp\/v2\/media?parent=7915"}],"curies":[{"name":"wp","href":"https:\/\/api.w.org\/{rel}","templated":true}]}}