{"id":7906,"date":"2015-03-17T22:21:45","date_gmt":"2015-03-17T21:21:45","guid":{"rendered":"https:\/\/www.sopropeche.com\/engrais-organiques\/"},"modified":"2021-12-03T10:24:34","modified_gmt":"2021-12-03T09:24:34","slug":"engrais-organiques","status":"publish","type":"page","link":"https:\/\/www.sopropeche.com\/es\/engrais-organiques\/","title":{"rendered":"Abonos org\u00e1nicos"},"content":{"rendered":"<div class=\"wpb-content-wrapper\"><p>[vc_row fullwidth=\u00bbtrue\u00bb padding=\u00bb0&#8243;][vc_column][mk_padding_divider size=\u00bb30&#8243;][mk_page_title_box page_title=\u00bbNutrici\u00f3n de los suelos y foliar\u00bb section_height=\u00bb350&#8243; bg_image=\u00bbhttps:\/\/www.sopropeche.com\/wp-content\/uploads\/2015\/03\/iStock_000042456416XXXLarge-e1428418345436.jpg\u00bb bg_position=\u00bbcenter center\u00bb bg_stretch=\u00bbtrue\u00bb overlay=\u00bbrgba(0,79,145,0.8)\u00bb bg_effects=\u00bbparallax\u00bb font_size=\u00bb42&#8243; font_color=\u00bb#ffffff\u00bb font_weight=\u00bbbold\u00bb underline=\u00bbfalse\u00bb sub_font_size=\u00bb16&#8243; sub_font_color=\u00bb#ffffff\u00bb][mk_padding_divider size=\u00bb50&#8243;][\/vc_column][\/vc_row][vc_row][vc_column width=\u00bb1\/3&#8243;][vc_single_image image=\u00bb7249&#8243; img_size=\u00bb350&#215;220&#8243;][mk_padding_divider size=\u00bb15&#8243;][vc_single_image image=\u00bb7246&#8243; img_size=\u00bb350&#215;220&#8243;][\/vc_column][vc_column width=\u00bb2\/3&#8243;][vc_column_text disable_pattern=\u00bbfalse\u00bb animation=\u00bbfade-in\u00bb]<\/p>\n<h2>Abonos org\u00e1nicos NPK adaptados a las necesidades de sus suelos y vegetales<\/h2>\n<p>[\/vc_column_text][mk_divider style=\u00bbthin_solid\u00bb divider_width=\u00bbone_fourth\u00bb align=\u00bbleft\u00bb thickness=\u00bb2&#8243; margin_top=\u00bb0&#8243;][vc_column_text disable_pattern=\u00bbfalse\u00bb]Soprop\u00eache ofrece una larga gama de abonos org\u00e1nicos NPK necesarios para los diferentes tipos de cultivos (viticultura, arboricultura, horticultura) y una nutrici\u00f3n \u00f3ptima de sus suelos y vegetales.<\/p>\n<p>Todos nuestros abonos pueden utilizarse en la producci\u00f3n ecol\u00f3gica en conformidad con el Reglamento CE 834\/2007 y 889\/2008.<\/p>\n<ul>\n<li><strong>Tortas vegetales:<\/strong> Ricino \/\u00a0Karanja \/\u00a0Neem \/ Mahua\u00a0\/ Colza<\/li>\n<li><strong>Guano de aves marinos<\/strong><\/li>\n<li><strong>Cuernos triturados y cuernos tostados<\/strong><\/li>\n<li><strong>Sulfato de potasa:<\/strong> Cenizas vegetales \/ Vinazas de remolacha<\/li>\n<li><strong>Nitr\u00f3geno de origen animal:<\/strong> Harina de sangre en polvo \/ Hemoglobina \/ Harina de plumas \/ Harina de carne<\/li>\n<li><strong>Nitr\u00f3geno y micronutrientes de origen marino:<\/strong> Harina de huesos \/ Prote\u00ednas hidrolizadas de pescado<\/li>\n<li><strong>Amino\u00e1cidos<\/strong><\/li>\n<li><strong>Esti\u00e9rcoles vegetales:<\/strong> Ortiga \/ Helecho \/ Consuelda \/ Sauce (infusi\u00f3n) \/ Cola de caballo (decocci\u00f3n)<\/li>\n<\/ul>\n<p>[\/vc_column_text][mk_padding_divider size=\u00bb100&#8243;][\/vc_column][\/vc_row]<\/p>\n<\/div>","protected":false},"excerpt":{"rendered":"<p>[vc_row fullwidth=\u00bbtrue\u00bb padding=\u00bb0&#8243;][vc_column][mk_padding_divider size=\u00bb30&#8243;][mk_page_title_box page_title=\u00bbNutrici\u00f3n de los suelos y foliar\u00bb section_height=\u00bb350&#8243; bg_image=\u00bbhttps:\/\/www.sopropeche.com\/wp-content\/uploads\/2015\/03\/iStock_000042456416XXXLarge-e1428418345436.jpg\u00bb bg_position=\u00bbcenter center\u00bb bg_stretch=\u00bbtrue\u00bb overlay=\u00bbrgba(0,79,145,0.8)\u00bb bg_effects=\u00bbparallax\u00bb font_size=\u00bb42&#8243; font_color=\u00bb#ffffff\u00bb font_weight=\u00bbbold\u00bb underline=\u00bbfalse\u00bb sub_font_size=\u00bb16&#8243; sub_font_color=\u00bb#ffffff\u00bb][mk_padding_divider size=\u00bb50&#8243;][\/vc_column][\/vc_row][vc_row][vc_column width=\u00bb1\/3&#8243;][vc_single_image image=\u00bb7249&#8243; img_size=\u00bb350&#215;220&#8243;][mk_padding_divider size=\u00bb15&#8243;][vc_single_image image=\u00bb7246&#8243; img_size=\u00bb350&#215;220&#8243;][\/vc_column][vc_column width=\u00bb2\/3&#8243;][vc_column_text disable_pattern=\u00bbfalse\u00bb animation=\u00bbfade-in\u00bb] Abonos org\u00e1nicos NPK adaptados a las necesidades de sus suelos y vegetales [\/vc_column_text][mk_divider style=\u00bbthin_solid\u00bb divider_width=\u00bbone_fourth\u00bb align=\u00bbleft\u00bb thickness=\u00bb2&#8243; margin_top=\u00bb0&#8243;][vc_column_text disable_pattern=\u00bbfalse\u00bb]Soprop\u00eache ofrece una larga [&hellip;]<\/p>\n","protected":false},"author":3,"featured_media":0,"parent":0,"menu_order":0,"comment_status":"open","ping_status":"open","template":"","meta":{"_acf_changed":false,"footnotes":""},"class_list":["post-7906","page","type-page","status-publish","hentry"],"acf":[],"_links":{"self":[{"href":"https:\/\/www.sopropeche.com\/es\/wp-json\/wp\/v2\/pages\/7906","targetHints":{"allow":["GET"]}}],"collection":[{"href":"https:\/\/www.sopropeche.com\/es\/wp-json\/wp\/v2\/pages"}],"about":[{"href":"https:\/\/www.sopropeche.com\/es\/wp-json\/wp\/v2\/types\/page"}],"author":[{"embeddable":true,"href":"https:\/\/www.sopropeche.com\/es\/wp-json\/wp\/v2\/users\/3"}],"replies":[{"embeddable":true,"href":"https:\/\/www.sopropeche.com\/es\/wp-json\/wp\/v2\/comments?post=7906"}],"version-history":[{"count":12,"href":"https:\/\/www.sopropeche.com\/es\/wp-json\/wp\/v2\/pages\/7906\/revisions"}],"predecessor-version":[{"id":8807,"href":"https:\/\/www.sopropeche.com\/es\/wp-json\/wp\/v2\/pages\/7906\/revisions\/8807"}],"wp:attachment":[{"href":"https:\/\/www.sopropeche.com\/es\/wp-json\/wp\/v2\/media?parent=7906"}],"curies":[{"name":"wp","href":"https:\/\/api.w.org\/{rel}","templated":true}]}}