{"id":7879,"date":"2015-03-17T22:57:30","date_gmt":"2015-03-17T21:57:30","guid":{"rendered":"https:\/\/www.sopropeche.com\/nos-certifications\/"},"modified":"2025-05-16T15:06:16","modified_gmt":"2025-05-16T14:06:16","slug":"nuestras-certificaciones","status":"publish","type":"page","link":"https:\/\/www.sopropeche.com\/es\/nuestras-certificaciones\/","title":{"rendered":"Certificaciones"},"content":{"rendered":"<div class=\"wpb-content-wrapper\"><p>[vc_row][vc_column][mk_padding_divider][vc_column_text]<\/p>\n<h2 style=\"text-align: center;\">Nuestro enfoque de calidad se ilustra por varias certificaciones<\/h2>\n<p>[\/vc_column_text][mk_padding_divider size=\u00bb15&#8243;][\/vc_column][\/vc_row][vc_row][vc_column width=\u00bb1\/3&#8243;][mk_padding_divider size=\u00bb20&#8243;][mk_image src=\u00bbhttps:\/\/www.sopropeche.com\/wp-content\/uploads\/2015\/03\/gmp-e1477646468520.jpg\u00bb image_size=\u00bbmedium\u00bb align=\u00bbcenter\u00bb animation=\u00bbfade-in\u00bb crop=\u00bbfalse\u00bb][\/vc_column][vc_column width=\u00bb1\/3&#8243;][mk_padding_divider size=\u00bb20&#8243;][mk_image src=\u00bbhttps:\/\/www.sopropeche.com\/wp-content\/uploads\/2025\/05\/bio.png\u00bb image_size=\u00bbmedium\u00bb animation=\u00bbfade-in\u00bb][\/vc_column][vc_column width=\u00bb1\/3&#8243;][mk_padding_divider size=\u00bb5&#8243;][mk_image src=\u00bbhttps:\/\/www.sopropeche.com\/wp-content\/uploads\/2025\/05\/ISO-9001.png\u00bb image_size=\u00bblarge\u00bb animation=\u00bbfade-in\u00bb][\/vc_column][\/vc_row][vc_row][vc_column width=\u00bb1\/3&#8243;][vc_column_text disable_pattern=\u00bbfalse\u00bb]<\/p>\n<h6 style=\"text-align: center;\">GMP+ desde hace 10 a\u00f1os garantizando la securidad sanitaria de los piensos para animales<\/h6>\n<p>[\/vc_column_text][\/vc_column][vc_column width=\u00bb1\/3&#8243;][vc_column_text]<\/p>\n<h6 style=\"text-align: center;\">La certificaci\u00f3n Bio por Bureau Veritas de varios productos de nuestra gama<\/h6>\n<p>[\/vc_column_text][\/vc_column][vc_column width=\u00bb1\/3&#8243;][vc_column_text]<\/p>\n<h6 style=\"text-align: center;\">ISO 9001:2015 que determina los principios de gesti\u00f3n del sistema de calidad<\/h6>\n<p>[\/vc_column_text][\/vc_column][\/vc_row][vc_row][vc_column width=\u00bb1\/2&#8243;][mk_padding_divider size=\u00bb90&#8243;][vc_column_text]<\/p>\n<h6 style=\"text-align: center;\">Certificaci\u00f3n Marine Stewardship Council MSC-C-56848<\/h6>\n<p>[\/vc_column_text][mk_padding_divider][\/vc_column][vc_column width=\u00bb1\/2&#8243;][mk_padding_divider size=\u00bb90&#8243;][vc_column_text]<\/p>\n<h6 style=\"text-align: center;\">Certificaci\u00f3n Aquaculture Stewardship Council ASC-C-01978<\/h6>\n<p>[\/vc_column_text][mk_padding_divider][\/vc_column][\/vc_row][vc_row][vc_column width=\u00bb1\/2&#8243;][vc_column_text]<\/p>\n<h6 style=\"text-align: center;\">El label MSC se aplica a los pescados y mariscos salvajes que provienen de pesquer\u00edas certificadas sostenibles seg\u00fan el est\u00e1ndar de pesquer\u00edas MSC<\/h6>\n<p>[\/vc_column_text][\/vc_column][vc_column width=\u00bb1\/2&#8243;][vc_column_text]<\/p>\n<h6 style=\"text-align: center;\">El label ASC se aplica a los pescados que provienen de la acuicultura sostenible seg\u00fan el est\u00e1ndar de ASC<\/h6>\n<p>[\/vc_column_text][\/vc_column][\/vc_row][vc_row][vc_column][mk_padding_divider size=\u00bb30&#8243;][vc_column_text css=\u00bb.vc_custom_1746196172605{margin-bottom: 0px !important;}\u00bb]<\/p>\n<p style=\"text-align: center;\"><strong>Le ofrecemos tambi\u00e9n una gama de productos que pueden utilizarse en la producci\u00f3n org\u00e1nica. <a href=\"https:\/\/www.sopropeche.com\/wp-content\/uploads\/2025\/05\/FR-BIO-10.250-0013762.2024.003.pdf\">Descargar<\/a> el certificado.<\/strong><\/p>\n<p style=\"text-align: center;\"><strong><a href=\"https:\/\/www.sopropeche.com\/es\/contacto\/\">Cons\u00faltenos <\/a>para conocer nuestro per\u00edmetro de certificaci\u00f3n.<\/strong><\/p>\n<p style=\"text-align: center;\"><strong>\u00a0<\/strong><\/p>\n<p>[\/vc_column_text][mk_padding_divider size=\u00bb15&#8243;][\/vc_column][\/vc_row]<\/p>\n<\/div>","protected":false},"excerpt":{"rendered":"<p>[vc_row][vc_column][mk_padding_divider][vc_column_text] Nuestro enfoque de calidad se ilustra por varias certificaciones [\/vc_column_text][mk_padding_divider size=\u00bb15&#8243;][\/vc_column][\/vc_row][vc_row][vc_column width=\u00bb1\/3&#8243;][mk_padding_divider size=\u00bb20&#8243;][mk_image src=\u00bbhttps:\/\/www.sopropeche.com\/wp-content\/uploads\/2015\/03\/gmp-e1477646468520.jpg\u00bb image_size=\u00bbmedium\u00bb align=\u00bbcenter\u00bb animation=\u00bbfade-in\u00bb crop=\u00bbfalse\u00bb][\/vc_column][vc_column width=\u00bb1\/3&#8243;][mk_padding_divider size=\u00bb20&#8243;][mk_image src=\u00bbhttps:\/\/www.sopropeche.com\/wp-content\/uploads\/2025\/05\/bio.png\u00bb image_size=\u00bbmedium\u00bb animation=\u00bbfade-in\u00bb][\/vc_column][vc_column width=\u00bb1\/3&#8243;][mk_padding_divider size=\u00bb5&#8243;][mk_image src=\u00bbhttps:\/\/www.sopropeche.com\/wp-content\/uploads\/2025\/05\/ISO-9001.png\u00bb image_size=\u00bblarge\u00bb animation=\u00bbfade-in\u00bb][\/vc_column][\/vc_row][vc_row][vc_column width=\u00bb1\/3&#8243;][vc_column_text disable_pattern=\u00bbfalse\u00bb] GMP+ desde hace 10 a\u00f1os garantizando la securidad sanitaria de los piensos para animales [\/vc_column_text][\/vc_column][vc_column width=\u00bb1\/3&#8243;][vc_column_text] La certificaci\u00f3n Bio por Bureau Veritas de varios [&hellip;]<\/p>\n","protected":false},"author":5,"featured_media":0,"parent":0,"menu_order":0,"comment_status":"open","ping_status":"open","template":"","meta":{"_acf_changed":false,"footnotes":""},"class_list":["post-7879","page","type-page","status-publish","hentry"],"acf":[],"_links":{"self":[{"href":"https:\/\/www.sopropeche.com\/es\/wp-json\/wp\/v2\/pages\/7879","targetHints":{"allow":["GET"]}}],"collection":[{"href":"https:\/\/www.sopropeche.com\/es\/wp-json\/wp\/v2\/pages"}],"about":[{"href":"https:\/\/www.sopropeche.com\/es\/wp-json\/wp\/v2\/types\/page"}],"author":[{"embeddable":true,"href":"https:\/\/www.sopropeche.com\/es\/wp-json\/wp\/v2\/users\/5"}],"replies":[{"embeddable":true,"href":"https:\/\/www.sopropeche.com\/es\/wp-json\/wp\/v2\/comments?post=7879"}],"version-history":[{"count":20,"href":"https:\/\/www.sopropeche.com\/es\/wp-json\/wp\/v2\/pages\/7879\/revisions"}],"predecessor-version":[{"id":9022,"href":"https:\/\/www.sopropeche.com\/es\/wp-json\/wp\/v2\/pages\/7879\/revisions\/9022"}],"wp:attachment":[{"href":"https:\/\/www.sopropeche.com\/es\/wp-json\/wp\/v2\/media?parent=7879"}],"curies":[{"name":"wp","href":"https:\/\/api.w.org\/{rel}","templated":true}]}}