{"id":7874,"date":"2015-03-17T22:56:52","date_gmt":"2015-03-17T21:56:52","guid":{"rendered":"https:\/\/www.sopropeche.com\/nos-engagements\/"},"modified":"2017-10-02T13:47:30","modified_gmt":"2017-10-02T12:47:30","slug":"nos-engagements","status":"publish","type":"page","link":"https:\/\/www.sopropeche.com\/es\/nos-engagements\/","title":{"rendered":"Nuestro compromiso"},"content":{"rendered":"<div class=\"wpb-content-wrapper\"><p>[vc_row][vc_column][mk_padding_divider][\/vc_column][\/vc_row][vc_row][vc_column width=\u00bb1\/3&#8243;][mk_padding_divider size=\u00bb30&#8243;][mk_image src=\u00bbhttps:\/\/www.sopropeche.com\/wp-content\/uploads\/2015\/03\/OK-SOPRO-005-e1429625702327.jpg\u00bb image_height=\u00bb738&#8243; lightbox=\u00bbtrue\u00bb animation=\u00bbfade-in\u00bb crop=\u00bbfalse\u00bb][mk_padding_divider size=\u00bb70&#8243;][mk_image src=\u00bbhttps:\/\/www.sopropeche.com\/wp-content\/uploads\/2016\/08\/Responsabilit\u00e9-environnementale.jpg\u00bb image_height=\u00bb600&#8243; lightbox=\u00bbtrue\u00bb][mk_padding_divider][\/vc_column][vc_column width=\u00bb2\/3&#8243;][vc_column_text disable_pattern=\u00bbfalse\u00bb]<\/p>\n<h2 class=\"p1\">Calidad &amp; Trazabilidad<\/h2>\n<p>La satisfacci\u00f3n del cliente es prioridad en la din\u00e1mica de nuestros equipos.<\/p>\n<p>Soprop\u00eache ejecuta una selecci\u00f3n rigurosa de sus proveedores con especificaciones y condiciones muy estrictas. En la medida de lo posible, requerimos que nuestros proveedores apliquen los principios del sistema HACCP y de la certificaci\u00f3n GMP. Privilegiamos a socios comerciales que atienden la norma ambiental del MSC, y que se inscriben as\u00ed en un enfoque de pesca sostenible garantizando una trazabilidad de los productos del mar.<\/p>\n<p>Asumimos auditor\u00edas regulares por parte de nuestros proveedores y socios para garantizarle calidad, trazabilidad y transparencia a lo largo de la cadena de suministro.<\/p>\n<p>Gracias a nuestra presencia internacional, las materias primas son controladas durante las diferentes etapas del proceso: en curso de producci\u00f3n, antes del embarque y despu\u00e9s de la recepci\u00f3n para garantizar la seguridad sanitaria de las mercanc\u00edas entregadas.<\/p>\n<h2 class=\"p1\">Responsabilidad medioambiental<\/h2>\n<p>Nuestra actividad de valorizaci\u00f3n de los subproductos se inscribe en un enfoque sostenible.<br \/>\nSoprop\u00eache esta comprometido a mejorar la nutrici\u00f3n de los animales y a proteger las plantas reservando los recursos naturales y preservando el medio-ambiente.<\/p>\n<h2 class=\"p1\">\u00c9tica societal<\/h2>\n<p>Nuestro equipo de hombres y mujeres son la base de nuestro \u00e9xito. El respeto al ser humano y a su bienestar en el lugar de trabajo es parte de nuestro compromiso.<br \/>\nNuestros a\u00f1os de experiencia nos han permitido enlazarnos con nuestros socios y compartir con ellos valores comunes de di\u00e1logo, diversidad, transparencia&#8230;<\/p>\n<h2 class=\"p1\"><\/h2>\n<p>[\/vc_column_text][mk_padding_divider][\/vc_column][\/vc_row]<\/p>\n<\/div>","protected":false},"excerpt":{"rendered":"<p>[vc_row][vc_column][mk_padding_divider][\/vc_column][\/vc_row][vc_row][vc_column width=\u00bb1\/3&#8243;][mk_padding_divider size=\u00bb30&#8243;][mk_image src=\u00bbhttps:\/\/www.sopropeche.com\/wp-content\/uploads\/2015\/03\/OK-SOPRO-005-e1429625702327.jpg\u00bb image_height=\u00bb738&#8243; lightbox=\u00bbtrue\u00bb animation=\u00bbfade-in\u00bb crop=\u00bbfalse\u00bb][mk_padding_divider size=\u00bb70&#8243;][mk_image src=\u00bbhttps:\/\/www.sopropeche.com\/wp-content\/uploads\/2016\/08\/Responsabilit\u00e9-environnementale.jpg\u00bb image_height=\u00bb600&#8243; lightbox=\u00bbtrue\u00bb][mk_padding_divider][\/vc_column][vc_column width=\u00bb2\/3&#8243;][vc_column_text disable_pattern=\u00bbfalse\u00bb] Calidad &amp; Trazabilidad La satisfacci\u00f3n del cliente es prioridad en la din\u00e1mica de nuestros equipos. Soprop\u00eache ejecuta una selecci\u00f3n rigurosa de sus proveedores con especificaciones y condiciones muy estrictas. En la medida de lo posible, requerimos que nuestros proveedores apliquen los [&hellip;]<\/p>\n","protected":false},"author":3,"featured_media":0,"parent":0,"menu_order":0,"comment_status":"open","ping_status":"open","template":"","meta":{"_acf_changed":false,"footnotes":""},"class_list":["post-7874","page","type-page","status-publish","hentry"],"acf":[],"_links":{"self":[{"href":"https:\/\/www.sopropeche.com\/es\/wp-json\/wp\/v2\/pages\/7874","targetHints":{"allow":["GET"]}}],"collection":[{"href":"https:\/\/www.sopropeche.com\/es\/wp-json\/wp\/v2\/pages"}],"about":[{"href":"https:\/\/www.sopropeche.com\/es\/wp-json\/wp\/v2\/types\/page"}],"author":[{"embeddable":true,"href":"https:\/\/www.sopropeche.com\/es\/wp-json\/wp\/v2\/users\/3"}],"replies":[{"embeddable":true,"href":"https:\/\/www.sopropeche.com\/es\/wp-json\/wp\/v2\/comments?post=7874"}],"version-history":[{"count":7,"href":"https:\/\/www.sopropeche.com\/es\/wp-json\/wp\/v2\/pages\/7874\/revisions"}],"predecessor-version":[{"id":8145,"href":"https:\/\/www.sopropeche.com\/es\/wp-json\/wp\/v2\/pages\/7874\/revisions\/8145"}],"wp:attachment":[{"href":"https:\/\/www.sopropeche.com\/es\/wp-json\/wp\/v2\/media?parent=7874"}],"curies":[{"name":"wp","href":"https:\/\/api.w.org\/{rel}","templated":true}]}}