{"id":7869,"date":"2015-03-13T17:35:12","date_gmt":"2015-03-13T16:35:12","guid":{"rendered":"https:\/\/www.sopropeche.com\/historique\/"},"modified":"2017-11-10T18:34:39","modified_gmt":"2017-11-10T17:34:39","slug":"historique","status":"publish","type":"page","link":"https:\/\/www.sopropeche.com\/es\/historique\/","title":{"rendered":"Historia"},"content":{"rendered":"<p>[mk_page_section attachment=\u00bbfixed\u00bb bg_position=\u00bbcenter top\u00bb bg_repeat=\u00bbno-repeat\u00bb bg_stretch=\u00bbtrue\u00bb enable_3d=\u00bbtrue\u00bb bg_gradient=\u00bbvertical\u00bb video_color_mask=\u00bbrgba(255,255,255,0.66)\u00bb gr_end=\u00bb#ffffff\u00bb video_opacity=\u00bb0.9&#8243; padding_top=\u00bb50&#8243; sidebar=\u00bbsidebar-1&#8243; first_page=\u00bbfalse\u00bb last_page=\u00bbfalse\u00bb][vc_column width=\u00bb1\/3&#8243;][mk_padding_divider size=\u00bb50&#8243;][mk_image src=\u00bbhttps:\/\/www.sopropeche.com\/wp-content\/uploads\/2015\/04\/iStock_000025137989XXLarge-e1429257459426.jpg\u00bb image_height=\u00bb738&#8243; lightbox=\u00bbtrue\u00bb animation=\u00bbfade-in\u00bb crop=\u00bbfalse\u00bb][mk_padding_divider size=\u00bb50&#8243;][mk_image src=\u00bbhttps:\/\/www.sopropeche.com\/wp-content\/uploads\/2016\/08\/Engrais-usine-Montfavet.jpg\u00bb image_height=\u00bb450&#8243; lightbox=\u00bbtrue\u00bb crop=\u00bbtrue\u00bb][\/vc_column][vc_column width=\u00bb2\/3&#8243;][vc_column_text disable_pattern=\u00bbfalse\u00bb]<\/p>\n<h2 class=\"p1\">M\u00e1s de 50 a\u00f1os de existencia<\/h2>\n<p><span style=\"color: #004a97;\">1968\u00a0:<\/span> Creaci\u00f3n de Soprop\u00eache S.A. en Boulogne-sur-Mer para promover las prote\u00ednas hidrolizadas de pescado (CPSP\u00ae) as\u00ed como las harinas y aceites de origen marino.<\/p>\n<p><span style=\"color: #004a97;\">1979\u00a0:<\/span> Inicio de la producci\u00f3n del concentrado de prote\u00ednas de soja (Estrilvo\u00ae).<\/p>\n<p><span style=\"color: #004a97;\">1982 :<\/span> Adquisici\u00f3n de la Lorientaise de los Productos de la Pesca \u00abS.L.P.P\u00bb en Lorient (F-56100), importador y distribuidor de ingredientes para la alimentaci\u00f3n animal para una mejora cobertura comercial y log\u00edstica del oeste de Francia.<\/p>\n<p><span style=\"color: #004a97;\">1984 :<\/span> Inicio de la actividad Abonos Org\u00e1nicos en Montfavet (F-84140).<\/p>\n<p><span style=\"color: #004a97;\">1987 :<\/span> Construcci\u00f3n del sede social Soprop\u00eache Francia en Wimille (F-62126).<\/p>\n<p><span style=\"color: #004a97;\">1989 :<\/span> Creaci\u00f3n de Soprop\u00eache Ib\u00e9rica S.A. en Barcelona para la importaci\u00f3n y distribuci\u00f3n de harinas de pescado de origen Chileno e ingredientes con destino a la alimentaci\u00f3n animal en Espa\u00f1a.<\/p>\n<p><span style=\"color: #004a97;\">1994 :<\/span> Soprop\u00eache SAS fusiona con la \u00abS.L.P.P.\u00bb<\/p>\n<p><span style=\"color: #004a97;\">2002<\/span>\u00a0: Creaci\u00f3n de la filial Soprop\u00eache Hungaria en Budapest.<\/p>\n<p><span style=\"color: #004a97;\">2006\u00a0:<\/span> Creaci\u00f3n de la filial SEAH International Qingdao (China).<\/p>\n<p><span style=\"color: #004a97;\">2010<\/span> : Desarrollo de especialidades congeladas para los piensos de las mascotas.<\/p>\n<p><span style=\"color: #004a97;\">2016<\/span> : Desarrollo de la gama de bio-estimulantes y fertilizantes foliares.<\/p>\n<h2 class=\"p1\"><\/h2>\n<p>[\/vc_column_text][mk_padding_divider size=\u00bb50&#8243;][\/vc_column][\/mk_page_section]<\/p>\n","protected":false},"excerpt":{"rendered":"<p>[mk_page_section attachment=\u00bbfixed\u00bb bg_position=\u00bbcenter top\u00bb bg_repeat=\u00bbno-repeat\u00bb bg_stretch=\u00bbtrue\u00bb enable_3d=\u00bbtrue\u00bb bg_gradient=\u00bbvertical\u00bb video_color_mask=\u00bbrgba(255,255,255,0.66)\u00bb gr_end=\u00bb#ffffff\u00bb video_opacity=\u00bb0.9&#8243; padding_top=\u00bb50&#8243; sidebar=\u00bbsidebar-1&#8243; first_page=\u00bbfalse\u00bb last_page=\u00bbfalse\u00bb][vc_column width=\u00bb1\/3&#8243;][mk_padding_divider size=\u00bb50&#8243;][mk_image src=\u00bbhttps:\/\/www.sopropeche.com\/wp-content\/uploads\/2015\/04\/iStock_000025137989XXLarge-e1429257459426.jpg\u00bb image_height=\u00bb738&#8243; lightbox=\u00bbtrue\u00bb animation=\u00bbfade-in\u00bb crop=\u00bbfalse\u00bb][mk_padding_divider size=\u00bb50&#8243;][mk_image src=\u00bbhttps:\/\/www.sopropeche.com\/wp-content\/uploads\/2016\/08\/Engrais-usine-Montfavet.jpg\u00bb image_height=\u00bb450&#8243; lightbox=\u00bbtrue\u00bb crop=\u00bbtrue\u00bb][\/vc_column][vc_column width=\u00bb2\/3&#8243;][vc_column_text disable_pattern=\u00bbfalse\u00bb] M\u00e1s de 50 a\u00f1os de existencia 1968\u00a0: Creaci\u00f3n de Soprop\u00eache S.A. en Boulogne-sur-Mer para promover las prote\u00ednas hidrolizadas de pescado (CPSP\u00ae) as\u00ed como las harinas y [&hellip;]<\/p>\n","protected":false},"author":3,"featured_media":0,"parent":0,"menu_order":0,"comment_status":"open","ping_status":"open","template":"","meta":{"_acf_changed":false,"footnotes":""},"class_list":["post-7869","page","type-page","status-publish","hentry"],"acf":[],"_links":{"self":[{"href":"https:\/\/www.sopropeche.com\/es\/wp-json\/wp\/v2\/pages\/7869","targetHints":{"allow":["GET"]}}],"collection":[{"href":"https:\/\/www.sopropeche.com\/es\/wp-json\/wp\/v2\/pages"}],"about":[{"href":"https:\/\/www.sopropeche.com\/es\/wp-json\/wp\/v2\/types\/page"}],"author":[{"embeddable":true,"href":"https:\/\/www.sopropeche.com\/es\/wp-json\/wp\/v2\/users\/3"}],"replies":[{"embeddable":true,"href":"https:\/\/www.sopropeche.com\/es\/wp-json\/wp\/v2\/comments?post=7869"}],"version-history":[{"count":10,"href":"https:\/\/www.sopropeche.com\/es\/wp-json\/wp\/v2\/pages\/7869\/revisions"}],"predecessor-version":[{"id":8199,"href":"https:\/\/www.sopropeche.com\/es\/wp-json\/wp\/v2\/pages\/7869\/revisions\/8199"}],"wp:attachment":[{"href":"https:\/\/www.sopropeche.com\/es\/wp-json\/wp\/v2\/media?parent=7869"}],"curies":[{"name":"wp","href":"https:\/\/api.w.org\/{rel}","templated":true}]}}